{"id":1614,"date":"2023-07-06T11:34:31","date_gmt":"2023-07-06T09:34:31","guid":{"rendered":"https:\/\/vallferrer.com\/politica-de-privadesa\/"},"modified":"2023-10-19T12:29:06","modified_gmt":"2023-10-19T10:29:06","slug":"politica-de-privadesa","status":"publish","type":"page","link":"https:\/\/vallferrer.com\/es\/politica-de-privadesa\/","title":{"rendered":"Pol\u00edtica de privadesa"},"content":{"rendered":"<hr \/>\n<p><strong>Pol\u00edtica de privacidad<\/strong><\/p>\n<p><strong>La confidencialidad y la seguridad son valores primordiales de\u00a0VALLFERRER\u00a0S.C.C.L. \u00a0y, en consecuencia, asumimos el compromiso de garantizar la privacidad de los datos personales de nuestros clientes en todo momento y de no recoger informaci\u00f3n innecesaria.<\/strong><\/p>\n<p><strong>A continuaci\u00f3n, te proporcionamos toda la informaci\u00f3n necesaria sobre nuestra Pol\u00edtica de Privacidad en relaci\u00f3n con los datos personales que recogemos, explicando:<\/strong><\/p>\n<p>&#8211; Qui\u00e9n es el responsable del tratamiento de sus datos.<br \/>\n&#8211; Por qu\u00e9 finalidades pedimos los datos que te pidamos.<br \/>\n&#8211; Cu\u00e1l es la legitimaci\u00f3n para su tratamiento.<br \/>\n&#8211; Durante cu\u00e1nto de tiempo las conservamos.<br \/>\n&#8211; A qu\u00e9 destinatarios se comunican tus datos.<br \/>\n&#8211; Cu\u00e1les son tus derechos.<\/p>\n<p><em><strong>Qui\u00e9n es el responsable del tratamiento de los datos personales?<\/strong><\/em><\/p>\n<p>VALLFERRER\u00a0S.C.C.L.<\/p>\n<p>NIF:\u00a0F-63807366<\/p>\n<p>Raz\u00f3n social: Avenida Montserrat, 4. 08773. Sant Joan de Mediona. Barcelona<\/p>\n<p>Contacto: \u00a0vallferrer@vallferrer.com<\/p>\n<p><em><strong>Q<\/strong><strong><em>ui\u00e9n velar\u00e1 por l<\/em>os datos a\u00a0VALLFERRER\u00a0S.C.C.L.?<\/strong><\/em><\/p>\n<p>VALLFERRER\u00a0S.C.C.L. ha nombrado un responsable de Protecci\u00f3n de Datos que ser\u00e1 el garante dentro de la entidad del cumplimiento de la normativa de protecci\u00f3n de datos.<\/p>\n<p>Podr\u00e1s contactar con el Responsable de Protecci\u00f3n de Datos de\u00a0VALLFERRER\u00a0a las siguientes direcciones:<\/p>\n<p>Correo electr\u00f3nico: vallferrer@vallferrer.com<br \/>\nCorreo postal: Avenida Montserrat, 4. 08773. Sant Joan de Mediona. Barcelona<\/p>\n<p><em><strong>Con qu\u00e9 finalidad y legitimaci\u00f3n utilizamos los datos personales?<\/strong><\/em><\/p>\n<p>A\u00a0VALLFERRER\u00a0\u00a0tratamos tus datos personales para proporcionarte los servicios que nos hayas solicitado o responder a tus demandas de informaci\u00f3n.<\/p>\n<p>Los datos de car\u00e1cter personal tratadas ser\u00e1n aquellas que:<\/p>\n<p>&#8211; Los interesados hayan facilitado a trav\u00e9s de los formularios web correspondientes.<br \/>\n&#8211; Se hayan generado como consecuencia de la prestaci\u00f3n de los servicios de VALLFERRER S.C.C.L..<br \/>\n&#8211; VALLFERRER haya obtenido por diferentes medios, tal como se describe a lo largo de la presente Pol\u00edtica de Privacidad.<br \/>\n&#8211; Se incluyan en el env\u00edo de correos electr\u00f3nicos a las direcciones publicadas en la web.<\/p>\n<p>Estos datos de car\u00e1cter personal ser\u00e1n tratadas para las finalidades que se indican a continuaci\u00f3n, en la medida que haya una base legal para cada tratamiento.<\/p>\n<p><em><strong>Respuesta a solicitudes de informaci\u00f3n o de contacto<\/strong><\/em><\/p>\n<p>En la web hay varios formularios por medio de los cuales los usuarios pueden enviar solicitudes a\u00a0VALLFERRER\u00a0S.C.C.L. respecto a:<\/p>\n<p>Informaci\u00f3n sobre determinados servicios<br \/>\nContacto en general<br \/>\nSolicitud de servicios<\/p>\n<p><strong>Legitimaci\u00f3n:<\/strong><\/p>\n<p>Inter\u00e9s leg\u00edtimo de\u00a0VALLFERRER\u00a0S.C.C.L. por este tratamiento de datos por tal dar respuesta a las solicitudes enviadas por los usuarios, y teniendo en cuenta las expectativas razonables de los interesados al recibir una respuesta a sus peticiones.<\/p>\n<p><strong>Env\u00edo de comunicaciones comerciales por cualquier canal, incluido por v\u00eda electr\u00f3nica<\/strong><\/p>\n<p>VALLFERRER\u00a0S.C.C.L. tratar\u00e1 los datos personales para informarte y asesorarte teniendo en cuenta tus intereses y necesidades particulares hacia\u00a0VALLFERRER\u00a0S.C.C.L., y respondiendo de este modo al inter\u00e9s leg\u00edtimo de nuestra sociedad.<\/p>\n<p>As\u00ed,\u00a0VALLFERRER\u00a0S.C.C.L. tratar\u00e1 los datos personales para realizar el env\u00edo de boletines informativos sobre noticias y promociones que puedan ser de tu inter\u00e9s en relaci\u00f3n con la actividad de\u00a0VALLFERRER\u00a0S.C.C.L. como empresa.<\/p>\n<p><strong>Legitimaci\u00f3n:<\/strong><\/p>\n<p>Consentimiento espec\u00edfico que se solicita al interesado en varios formularios de la web, sin que en ning\u00fan caso la existencia de este consentimiento condicione la prestaci\u00f3n de la finalidad principal del formulario.<br \/>\nEl consentimiento tambi\u00e9n se considera que se da de forma expr\u00e9s en el caso del env\u00edo de datos a trav\u00e9s del formulario espec\u00edfico donde los usuarios hayan solicitado la recepci\u00f3n de boletines.<\/p>\n<p><strong><em>Durante cu\u00e1nto de tiempo\u00a0VALLFERRER\u00a0S.C.C.L.\u00a0 conservar\u00e1 los datos?<\/em><\/strong><\/p>\n<p>En general se conservar\u00e1n durante el tiempo necesario para cumplir con la finalidad para la cual se pidieron y para determinar las posibles responsabilidades que se puedan derivar de esta finalidad y del tratamiento de los datos.<\/p>\n<p>Entre otros, esto implica que\u00a0VALLFERRER\u00a0S.C.C.L. conservar\u00e1 los datos personales de los interesados mientras dure la vinculaci\u00f3n con\u00a0VALLFERRER\u00a0y, en todo caso, se tienen que conservar durante el periodo que resulte necesario para la formulaci\u00f3n, el ejercicio o la defensa de potenciales reclamaciones, para cumplir con obligaciones legales siempre que lo permita la legislaci\u00f3n aplicable.<\/p>\n<p>Una vez finalizada el mencionado plazo,\u00a0VALLFERRER\u00a0S.C.C.L. se compromete a cesar el tratamiento de todos los datos personales, as\u00ed como a bloquearlas debidamente. Sin embargo, los datos personales, especialmente en el caso de registros de uso, podr\u00e1n conservarse cuando resulte necesario durante periodos m\u00e1s largos, siempre que se traten exclusivamente con fines de an\u00e1lisis estad\u00edstico e investigaci\u00f3n.<\/p>\n<p>Transcurridos los plazos de prescripci\u00f3n legal, destruiremos, bloquearemos o anonimizaremos los datos personales en la medida de lo posible para la finalidad para la cual se conservaran.<\/p>\n<p><strong><em>A quien comunicaremos tus datos?<\/em><\/strong><\/p>\n<p>No cederemos tus datos personales a terceros, salvo que sea necesario para prestarte servicio, que estemos cubiertos por una ley o que lo hayas pactado previamente con\u00a0VALLFERRER.<\/p>\n<p>Si nos lo pides, tambi\u00e9n podremos comunicar tus datos a terceras empresas colaboradoras de\u00a0VALLFERRER\u00a0S.C.C.L. para que te puedan proporcionar m\u00e1s informaci\u00f3n sobre sus servicios, productos y promociones.<\/p>\n<p>Para prestarte un servicio adecuado y gestionar la relaci\u00f3n que mantenemos contigo como cliente, podemos comunicar tus datos personales a:<\/p>\n<p>Empresas que nos prestan servicios relacionados con la actividad ordinaria y administrativa de la empresa en calidad de encargados de tratamiento, nacionales o internacionales, en el marco de la prestaci\u00f3n de servicios como por ejemplo, entre otros, proveedores de servicios de correo electr\u00f3nico, alojamiento de servicios web, alojamiento de servidores, servicios de aplicaciones de gesti\u00f3n en modalidad\u00a0SaaS, o archivo de ficheros en la nube.<\/p>\n<p>La prestaci\u00f3n de estos servicios puede implicar el tratamiento de los datos personales por parte de empresas ubicadas en pa\u00edses fuera del Espacio Econ\u00f3mico Europeo (transferencias internacionales de datos), \u00fanicamente cuando estos pa\u00edses ofrezcan un nivel adecuado de protecci\u00f3n, o en el caso de entidades de los EE. UU. que est\u00e9n certificadas en el marco del Escudo de Privacidad UE-EE. UU.. Decisi\u00f3n (UE) 2016\/1250 de la Comisi\u00f3n, de 12 de julio del 2016.<\/p>\n<p>VALLFERRER\u00a0tambi\u00e9n podr\u00e1 realizar cesiones o comunicaciones de datos personales para atender sus obligaciones con las administraciones p\u00fablicas en los casos en que as\u00ed se requiera de acuerdo con la legislaci\u00f3n vigente en cada caso.<\/p>\n<p><strong><em>Cu\u00e1les son tus derechos derivados de facilitarnos tus datos?<\/em><\/strong><\/p>\n<p>En cualquier momento puedes ejercer tus derechos de acceso, rectificaci\u00f3n, supresi\u00f3n y portabilidad de los datos personales, as\u00ed como los de oposici\u00f3n y limitaci\u00f3n del tratamiento, de los datos personales recogidos por\u00a0VALLFERRER\u00a0S.C.C.L.<\/p>\n<p>Estos derechos podr\u00e1n ser ejercitados gratuitamente por el interesado y, si procede, por quien lo represente, mediante solicitud escrita y firmada, acompa\u00f1ada de copia de su DNI o de documento equivalente que acredite su identidad, dirigida:<\/p>\n<p>Por correo electr\u00f3nico a: vallferrer@vallferrer.com<br \/>\nPor correo postal a:\u00a0Avenida\u00a0Montserrat, 4. 08773. San Juan de Mediona. Barcelona<\/p>\n<p>En el caso de representaci\u00f3n, tendr\u00e1 que probarla mediante documento escrito y adjuntando copia del DNI o documento equivalente que acredite la identidad del representado, u otra documentaci\u00f3n acreditativa que se indique en el apartado Derechos\u00a0ARCO.<\/p>\n<p>Adem\u00e1s de los derechos anteriores, el interesado tendr\u00e1 derecho a\u00a0retirar el consentimiento otorgado en cualquier momento mediante el procedimiento antes descrito, sin que esto afecte la licitud del tratamiento anterior a la retirada del consentimiento.\u00a0VALLFERRER\u00a0S.C.C.L. podr\u00e1 continuar tratando los datos personales del interesado en la medida que la ley aplicable lo permita o que persista cualquier otra legitimaci\u00f3n que lo justifique.<\/p>\n<p>Concretamente, en el caso de que el interesado pida el cese del tratamiento de su imagen, la supresi\u00f3n no ser\u00e1 efectiva para aquellas publicaciones hechas antes de la fecha en que haya hecho la solicitud.<\/p>\n<p>Concretamente en el caso del servicio del env\u00edo de comunicaciones comerciales, el interesado tiene derecho a revocar en cualquier momento el consentimiento prestado para el env\u00edo de comunicaciones comerciales notificando a\u00a0VALLFERRER\u00a0que no desea seguir recibi\u00e9ndolas. Para lo cual, el interesado podr\u00e1 o bien revocar su consentimiento en la forma descrita en el apartado anterior o bien clicar en el enlace incluido en cada comunicaci\u00f3n comercial cancelando, por lo tanto, el env\u00edo de comunicaciones comerciales electr\u00f3nicas.<\/p>\n<p>VALLFERRER\u00a0recuerda al interesado que tiene derecho a presentar una reclamaci\u00f3n ante la autoridad de control pertinente (la Agencia Espa\u00f1ola de Protecci\u00f3n de Datos).<\/p>\n<p><strong><em>Qu\u00e9 medidas de seguridad aplicamos a tus datos personales?<\/em><\/strong><\/p>\n<p>Con el objetivo de salvaguardar la seguridad de tus datos personales, te informamos que a\u00a0VALLFERRER\u00a0S.C.C.L. hemos adoptado todas las medidas de \u00edndole t\u00e9cnica y organizativa necesarias para garantizar la seguridad de los datos personales suministrados en cuanto a garantizar la confidencialidad, integridad, disponibilidad y resiliencia permanentes de los sistemas y servicios de tratamiento.<\/p>\n<p>En concreto, se dispone de medidas de seguridad consistentes en:<\/p>\n<p>El control f\u00edsico del acceso y la protecci\u00f3n de los equipos, personas e instalaciones donde se realizan los tratamientos de datos<br \/>\nEl acceso a tus sistemas inform\u00e1ticos se realiza por medio de usuarios y contrase\u00f1as individuales, limitando el acceso a los datos a aquellos empleados que estrictamente lo requieran para el desempe\u00f1o de su puesto de trabajo.<br \/>\nCopias de seguridad de los datos personales de las cuales hay que mantener la integridad y disponibilidad.<br \/>\nEn el supuesto de gestionar apoyos o documentos con datos personales, estos est\u00e1n debidamente custodiados bajo clave o con dispositivos de cierre equivalentes.<br \/>\nSistemas de protecci\u00f3n perimetral en la red para evitar intrusiones y antivirus de protecci\u00f3n de tus sistemas inform\u00e1ticos.<br \/>\nSe dispone de un registro de incidencias de seguridad y se han establecido mecanismos y un procedimiento de notificaci\u00f3n de fallas de seguridad.<br \/>\nSe dispone de un Plan de Continuidad que establece la posibilidad de restaurar la disponibilidad y el acceso en los datos personales de forma r\u00e1pida, en caso de incidente f\u00edsico o t\u00e9cnico dentro de los plazos requeridos para cumplir con los compromisos de negocio a los cuales estamos obligados seg\u00fan nuestro contrato de servicio.<\/p>\n<p>As\u00ed mismo,\u00a0VALLFERRER\u00a0S.C.C.L. ha puesto en marcha controles internos para verificar, evaluar y valorar, de manera regular, la eficacia de las medidas t\u00e9cnicas y organizativas implantadas para garantizar la seguridad del tratamiento.<\/p>\n<p><em><strong>Actualizaci\u00f3n de tus datos<\/strong><\/em><\/p>\n<p>Es importante que, para que podamos mantener tus datos personales actualizados, nos informes de cualquier modificaci\u00f3n en estos datos; en caso contrario, no respondemos de su veracidad.<\/p>\n<p>Modificaci\u00f3n de la Pol\u00edtica de Privacidad<\/p>\n<p>VALLFERRER\u00a0S.C.C.L. puede modificar su Pol\u00edtica de Privacidad de acuerdo con la legislaci\u00f3n aplicable en cada momento. En todo caso, cualquier modificaci\u00f3n de la Pol\u00edtica de Privacidad te ser\u00e1 debidamente notificada para que quedes informado de los cambios realizados en el tratamiento de tus datos personales y, en caso de que la normativa aplicable as\u00ed lo exija, puedas otorgar tu consentimiento.<\/p>\n","protected":false},"excerpt":{"rendered":"<p>Pol\u00edtica de privacidad La confidencialidad y la seguridad son valores primordiales de\u00a0VALLFERRER\u00a0S.C.C.L. \u00a0y, en consecuencia, asumimos el compromiso de garantizar la privacidad de los datos personales de nuestros clientes en todo momento y de no recoger informaci\u00f3n innecesaria. A continuaci\u00f3n, te proporcionamos toda la informaci\u00f3n necesaria sobre nuestra Pol\u00edtica de Privacidad en relaci\u00f3n con los [&hellip;]<\/p>\n","protected":false},"author":1,"featured_media":0,"parent":0,"menu_order":0,"comment_status":"closed","ping_status":"open","template":"","meta":{"footnotes":""},"class_list":["post-1614","page","type-page","status-publish","hentry"],"yoast_head":"<!-- This site is optimized with the Yoast SEO Premium plugin v22.4 (Yoast SEO v22.4) - https:\/\/yoast.com\/wordpress\/plugins\/seo\/ -->\n<title>Pol\u00edtica de privadesa - Vallferrer<\/title>\n<meta name=\"robots\" content=\"index, follow, max-snippet:-1, max-image-preview:large, max-video-preview:-1\" \/>\n<link rel=\"canonical\" href=\"https:\/\/vallferrer.com\/politica-de-privadesa\/\" \/>\n<meta property=\"og:locale\" content=\"es_ES\" \/>\n<meta property=\"og:type\" content=\"article\" \/>\n<meta property=\"og:title\" content=\"Pol\u00edtica de privadesa\" \/>\n<meta property=\"og:description\" content=\"Pol\u00edtica de privacidad La confidencialidad y la seguridad son valores primordiales de\u00a0VALLFERRER\u00a0S.C.C.L. \u00a0y, en consecuencia, asumimos el compromiso de garantizar la privacidad de los datos personales de nuestros clientes en todo momento y de no recoger informaci\u00f3n innecesaria. A continuaci\u00f3n, te proporcionamos toda la informaci\u00f3n necesaria sobre nuestra Pol\u00edtica de Privacidad en relaci\u00f3n con los [&hellip;]\" \/>\n<meta property=\"og:url\" content=\"https:\/\/vallferrer.com\/politica-de-privadesa\/\" \/>\n<meta property=\"og:site_name\" content=\"Vallferrer\" \/>\n<meta property=\"article:modified_time\" content=\"2023-10-19T10:29:06+00:00\" \/>\n<meta name=\"twitter:card\" content=\"summary_large_image\" \/>\n<meta name=\"twitter:label1\" content=\"Tiempo de lectura\" \/>\n\t<meta name=\"twitter:data1\" content=\"10 minutos\" \/>\n<script type=\"application\/ld+json\" class=\"yoast-schema-graph\">{\"@context\":\"https:\/\/schema.org\",\"@graph\":[{\"@type\":\"WebPage\",\"@id\":\"https:\/\/vallferrer.com\/politica-de-privadesa\/\",\"url\":\"https:\/\/vallferrer.com\/politica-de-privadesa\/\",\"name\":\"Pol\u00edtica de privadesa - Vallferrer\",\"isPartOf\":{\"@id\":\"https:\/\/vallferrer.com\/#website\"},\"datePublished\":\"2023-07-06T09:34:31+00:00\",\"dateModified\":\"2023-10-19T10:29:06+00:00\",\"breadcrumb\":{\"@id\":\"https:\/\/vallferrer.com\/politica-de-privadesa\/#breadcrumb\"},\"inLanguage\":\"es\",\"potentialAction\":[{\"@type\":\"ReadAction\",\"target\":[\"https:\/\/vallferrer.com\/politica-de-privadesa\/\"]}]},{\"@type\":\"BreadcrumbList\",\"@id\":\"https:\/\/vallferrer.com\/politica-de-privadesa\/#breadcrumb\",\"itemListElement\":[{\"@type\":\"ListItem\",\"position\":1,\"name\":\"Inici\",\"item\":\"https:\/\/vallferrer.com\/es\/\"},{\"@type\":\"ListItem\",\"position\":2,\"name\":\"Pol\u00edtica de privadesa\"}]},{\"@type\":\"WebSite\",\"@id\":\"https:\/\/vallferrer.com\/#website\",\"url\":\"https:\/\/vallferrer.com\/\",\"name\":\"Vallferrer\",\"description\":\"Construccions\",\"publisher\":{\"@id\":\"https:\/\/vallferrer.com\/#organization\"},\"potentialAction\":[{\"@type\":\"SearchAction\",\"target\":{\"@type\":\"EntryPoint\",\"urlTemplate\":\"https:\/\/vallferrer.com\/?s={search_term_string}\"},\"query-input\":\"required name=search_term_string\"}],\"inLanguage\":\"es\"},{\"@type\":\"Organization\",\"@id\":\"https:\/\/vallferrer.com\/#organization\",\"name\":\"Vallferrer\",\"url\":\"https:\/\/vallferrer.com\/\",\"logo\":{\"@type\":\"ImageObject\",\"inLanguage\":\"es\",\"@id\":\"https:\/\/vallferrer.com\/#\/schema\/logo\/image\/\",\"url\":\"https:\/\/vallferrer.com\/wp-content\/uploads\/2023\/07\/logo_H_color.png\",\"contentUrl\":\"https:\/\/vallferrer.com\/wp-content\/uploads\/2023\/07\/logo_H_color.png\",\"width\":5744,\"height\":1739,\"caption\":\"Vallferrer\"},\"image\":{\"@id\":\"https:\/\/vallferrer.com\/#\/schema\/logo\/image\/\"}}]}<\/script>\n<!-- \/ Yoast SEO Premium plugin. -->","yoast_head_json":{"title":"Pol\u00edtica de privadesa - Vallferrer","robots":{"index":"index","follow":"follow","max-snippet":"max-snippet:-1","max-image-preview":"max-image-preview:large","max-video-preview":"max-video-preview:-1"},"canonical":"https:\/\/vallferrer.com\/politica-de-privadesa\/","og_locale":"es_ES","og_type":"article","og_title":"Pol\u00edtica de privadesa","og_description":"Pol\u00edtica de privacidad La confidencialidad y la seguridad son valores primordiales de\u00a0VALLFERRER\u00a0S.C.C.L. \u00a0y, en consecuencia, asumimos el compromiso de garantizar la privacidad de los datos personales de nuestros clientes en todo momento y de no recoger informaci\u00f3n innecesaria. A continuaci\u00f3n, te proporcionamos toda la informaci\u00f3n necesaria sobre nuestra Pol\u00edtica de Privacidad en relaci\u00f3n con los [&hellip;]","og_url":"https:\/\/vallferrer.com\/politica-de-privadesa\/","og_site_name":"Vallferrer","article_modified_time":"2023-10-19T10:29:06+00:00","twitter_card":"summary_large_image","twitter_misc":{"Tiempo de lectura":"10 minutos"},"schema":{"@context":"https:\/\/schema.org","@graph":[{"@type":"WebPage","@id":"https:\/\/vallferrer.com\/politica-de-privadesa\/","url":"https:\/\/vallferrer.com\/politica-de-privadesa\/","name":"Pol\u00edtica de privadesa - Vallferrer","isPartOf":{"@id":"https:\/\/vallferrer.com\/#website"},"datePublished":"2023-07-06T09:34:31+00:00","dateModified":"2023-10-19T10:29:06+00:00","breadcrumb":{"@id":"https:\/\/vallferrer.com\/politica-de-privadesa\/#breadcrumb"},"inLanguage":"es","potentialAction":[{"@type":"ReadAction","target":["https:\/\/vallferrer.com\/politica-de-privadesa\/"]}]},{"@type":"BreadcrumbList","@id":"https:\/\/vallferrer.com\/politica-de-privadesa\/#breadcrumb","itemListElement":[{"@type":"ListItem","position":1,"name":"Inici","item":"https:\/\/vallferrer.com\/es\/"},{"@type":"ListItem","position":2,"name":"Pol\u00edtica de privadesa"}]},{"@type":"WebSite","@id":"https:\/\/vallferrer.com\/#website","url":"https:\/\/vallferrer.com\/","name":"Vallferrer","description":"Construccions","publisher":{"@id":"https:\/\/vallferrer.com\/#organization"},"potentialAction":[{"@type":"SearchAction","target":{"@type":"EntryPoint","urlTemplate":"https:\/\/vallferrer.com\/?s={search_term_string}"},"query-input":"required name=search_term_string"}],"inLanguage":"es"},{"@type":"Organization","@id":"https:\/\/vallferrer.com\/#organization","name":"Vallferrer","url":"https:\/\/vallferrer.com\/","logo":{"@type":"ImageObject","inLanguage":"es","@id":"https:\/\/vallferrer.com\/#\/schema\/logo\/image\/","url":"https:\/\/vallferrer.com\/wp-content\/uploads\/2023\/07\/logo_H_color.png","contentUrl":"https:\/\/vallferrer.com\/wp-content\/uploads\/2023\/07\/logo_H_color.png","width":5744,"height":1739,"caption":"Vallferrer"},"image":{"@id":"https:\/\/vallferrer.com\/#\/schema\/logo\/image\/"}}]}},"_links":{"self":[{"href":"https:\/\/vallferrer.com\/es\/wp-json\/wp\/v2\/pages\/1614","targetHints":{"allow":["GET"]}}],"collection":[{"href":"https:\/\/vallferrer.com\/es\/wp-json\/wp\/v2\/pages"}],"about":[{"href":"https:\/\/vallferrer.com\/es\/wp-json\/wp\/v2\/types\/page"}],"author":[{"embeddable":true,"href":"https:\/\/vallferrer.com\/es\/wp-json\/wp\/v2\/users\/1"}],"replies":[{"embeddable":true,"href":"https:\/\/vallferrer.com\/es\/wp-json\/wp\/v2\/comments?post=1614"}],"version-history":[{"count":2,"href":"https:\/\/vallferrer.com\/es\/wp-json\/wp\/v2\/pages\/1614\/revisions"}],"predecessor-version":[{"id":1616,"href":"https:\/\/vallferrer.com\/es\/wp-json\/wp\/v2\/pages\/1614\/revisions\/1616"}],"wp:attachment":[{"href":"https:\/\/vallferrer.com\/es\/wp-json\/wp\/v2\/media?parent=1614"}],"curies":[{"name":"wp","href":"https:\/\/api.w.org\/{rel}","templated":true}]}}