{"id":1618,"date":"2023-09-25T12:48:08","date_gmt":"2023-09-25T10:48:08","guid":{"rendered":"https:\/\/vallferrer.com\/politica-de-cookies\/"},"modified":"2024-01-25T15:30:47","modified_gmt":"2024-01-25T13:30:47","slug":"politica-de-coockies-vallferrer","status":"publish","type":"page","link":"https:\/\/vallferrer.com\/es\/politica-de-coockies-vallferrer\/","title":{"rendered":"Pol\u00edtica de cookies Vallferrer"},"content":{"rendered":"<p><strong>Pol\u00edtica de cookies<\/strong><\/p>\n<p>Una\u00a0cookie\u00a0es una peque\u00f1a informaci\u00f3n enviada por un sitio web y almacenada al navegador u ordenador del usuario, de forma que el sitio web puede consultar la actividad previa del usuario. Las cookies permiten en una p\u00e1gina web, entre otras cosas, almacenar y recuperar informaci\u00f3n sobre los h\u00e1bitos de navegaci\u00f3n de un usuario o de su equipo y, dependiendo de la informaci\u00f3n que contengan y de la forma en que utilice su equipo, se pueden utilizar para reconocer al usuario.<\/p>\n<p>En este sitio web se utilizan las siguientes cookies que se detallan a continuaci\u00f3n:<\/p>\n<p>Cookies estrictamente necesarias para la prestaci\u00f3n de determinados servicios solicitados expresamente por el usuario: si se desactivan estas cookies podr\u00edais no recibir correctamente nuestros contenidos y servicios.<\/p>\n<p>Cookies de sesi\u00f3n: Son un tipo de cookies dise\u00f1adas para pedir y almacenar datos mientras el usuario accede en una p\u00e1gina web.<\/p>\n<p>Cookies persistentes: Son un tipo de cookies que permiten que los datos sigan almacenadas en el navegador del usuario y se puede acceder y tratarlas durante un periodo definido por el responsable de la\u00a0cookie, y que puede variar de unos minutos en varios a\u00f1os.<\/p>\n<p>Cookies anal\u00edticas: Son aquellas que muy tratadas por nosotros o por terceros, nos ayudan a disponer de datos estad\u00edsticos de uso de la web para mejorar en el contenido y servicio que ofrecemos. Utilizamos cookies de Google\u00a0Analytics\u00a0y Google\u00a0Adwords.<\/p>\n<p>Cookies de redes sociales, como Twitter\u00a0Badge, Facebook\u00a0Connect\u00a0y\u00a0Pinterest: Son aquellas que controlan la interacci\u00f3n con los widgets de las redes sociales externas.<\/p>\n<p>As\u00ed mismo es posible que al visitar alguna p\u00e1gina web o al abrir alg\u00fan email donde se publique alg\u00fan anuncio o alguna promoci\u00f3n sobre nuestros servicios o productos, se instale a tu navegador alguna\u00a0cookie\u00a0que nos sirve para mostrarle posteriormente publicidad relacionada con la investigaci\u00f3n que haya realizado, desarrollar un control de nuestros anuncios en relaci\u00f3n, por ejemplo, con el n\u00famero a veces que son vistos, donde aparecen, a qu\u00e9 hora se ven, etc &#8230;<\/p>\n<p>DESACTIVACI\u00d3N DE COOKIES<\/p>\n<p>El usuario puede permitir bloquear o eliminar las cookies instaladas en su equipo mediante la configuraci\u00f3n de las opciones del navegador en vuestro ordenador. En caso de que no permita la instalaci\u00f3n de cookies a su navegador es posible que no pueda acceder a alguna de las secciones de nuestro web.<\/p>\n<p>Todos los navegadores modernos permiten cambiar la configuraci\u00f3n de cookies. Estos ajustes normalmente se encuentran en las &#8216;opciones&#8217; o &#8216;Preferencias&#8217; del men\u00fa de su navegador:<\/p>\n<p>Chrome, des\u00a0<u><a href=\"http:\/\/support.google.com\/chrome\/bin\/answer.py?hl=es&amp;answer=95647\">http:\/\/support.google.com\/chrome\/bin\/answer.py?hl=es&amp;answer=95647<\/a><\/u><br \/>\nExplorer, des\u00a0<u><a href=\"http:\/\/windows.microsoft.com\/es-es\/windows7\/how-to-manage-cookies-in-internet-explorer-9\">http:\/\/windows.microsoft.com\/es-es\/windows7\/how-to-manage-cookies-in-internet-explorer-9<\/a><\/u><br \/>\nFirefox, des\u00a0<u><a href=\"http:\/\/support.mozilla.org\/es\/kb\/habilitar-y-deshabilitar-cookies-que-los-sitios-we\">http:\/\/support.mozilla.org\/es\/kb\/habilitar-y-deshabilitar-cookies-que-los-sitios-we<\/a><\/u><br \/>\nSafari, des\u00a0<u><a href=\"http:\/\/support.apple.com\/kb\/ph5042\">http:\/\/support.apple.com\/kb\/ph5042<\/a><\/u><\/p>\n","protected":false},"excerpt":{"rendered":"<p>Pol\u00edtica de cookies Una\u00a0cookie\u00a0es una peque\u00f1a informaci\u00f3n enviada por un sitio web y almacenada al navegador u ordenador del usuario, de forma que el sitio web puede consultar la actividad previa del usuario. Las cookies permiten en una p\u00e1gina web, entre otras cosas, almacenar y recuperar informaci\u00f3n sobre los h\u00e1bitos de navegaci\u00f3n de un usuario [&hellip;]<\/p>\n","protected":false},"author":1,"featured_media":0,"parent":0,"menu_order":0,"comment_status":"closed","ping_status":"closed","template":"","meta":{"footnotes":""},"class_list":["post-1618","page","type-page","status-publish","hentry"],"yoast_head":"<!-- This site is optimized with the Yoast SEO Premium plugin v22.4 (Yoast SEO v22.4) - https:\/\/yoast.com\/wordpress\/plugins\/seo\/ -->\n<title>Pol\u00edtica de cookies Vallferrer - Vallferrer<\/title>\n<meta name=\"description\" content=\"\u00bfQu\u00e9 son las cookies? Descubra los derechos de privacidad que otorga la Pol\u00edtica de Coockies de Vallferrer.\" \/>\n<meta name=\"robots\" content=\"index, follow, max-snippet:-1, max-image-preview:large, max-video-preview:-1\" \/>\n<link rel=\"canonical\" href=\"https:\/\/vallferrer.com\/es\/politica-de-coockies-vallferrer\/\" \/>\n<meta property=\"og:locale\" content=\"es_ES\" \/>\n<meta property=\"og:type\" content=\"article\" \/>\n<meta property=\"og:title\" content=\"Pol\u00edtica de cookies Vallferrer\" \/>\n<meta property=\"og:description\" content=\"\u00bfQu\u00e9 son las cookies? Descubra los derechos de privacidad que otorga la Pol\u00edtica de Coockies de Vallferrer.\" \/>\n<meta property=\"og:url\" content=\"https:\/\/vallferrer.com\/es\/politica-de-coockies-vallferrer\/\" \/>\n<meta property=\"og:site_name\" content=\"Vallferrer\" \/>\n<meta property=\"article:modified_time\" content=\"2024-01-25T13:30:47+00:00\" \/>\n<meta name=\"twitter:card\" content=\"summary_large_image\" \/>\n<meta name=\"twitter:label1\" content=\"Tiempo de lectura\" \/>\n\t<meta name=\"twitter:data1\" content=\"3 minutos\" \/>\n<script type=\"application\/ld+json\" class=\"yoast-schema-graph\">{\"@context\":\"https:\/\/schema.org\",\"@graph\":[{\"@type\":\"WebPage\",\"@id\":\"https:\/\/vallferrer.com\/es\/politica-de-coockies-vallferrer\/\",\"url\":\"https:\/\/vallferrer.com\/es\/politica-de-coockies-vallferrer\/\",\"name\":\"Pol\u00edtica de cookies Vallferrer - Vallferrer\",\"isPartOf\":{\"@id\":\"https:\/\/vallferrer.com\/#website\"},\"datePublished\":\"2023-09-25T10:48:08+00:00\",\"dateModified\":\"2024-01-25T13:30:47+00:00\",\"description\":\"\u00bfQu\u00e9 son las cookies? Descubra los derechos de privacidad que otorga la Pol\u00edtica de Coockies de Vallferrer.\",\"breadcrumb\":{\"@id\":\"https:\/\/vallferrer.com\/es\/politica-de-coockies-vallferrer\/#breadcrumb\"},\"inLanguage\":\"es\",\"potentialAction\":[{\"@type\":\"ReadAction\",\"target\":[\"https:\/\/vallferrer.com\/es\/politica-de-coockies-vallferrer\/\"]}]},{\"@type\":\"BreadcrumbList\",\"@id\":\"https:\/\/vallferrer.com\/es\/politica-de-coockies-vallferrer\/#breadcrumb\",\"itemListElement\":[{\"@type\":\"ListItem\",\"position\":1,\"name\":\"Inici\",\"item\":\"https:\/\/vallferrer.com\/es\/\"},{\"@type\":\"ListItem\",\"position\":2,\"name\":\"Pol\u00edtica de cookies Vallferrer\"}]},{\"@type\":\"WebSite\",\"@id\":\"https:\/\/vallferrer.com\/#website\",\"url\":\"https:\/\/vallferrer.com\/\",\"name\":\"Vallferrer\",\"description\":\"Construccions\",\"publisher\":{\"@id\":\"https:\/\/vallferrer.com\/#organization\"},\"potentialAction\":[{\"@type\":\"SearchAction\",\"target\":{\"@type\":\"EntryPoint\",\"urlTemplate\":\"https:\/\/vallferrer.com\/?s={search_term_string}\"},\"query-input\":\"required name=search_term_string\"}],\"inLanguage\":\"es\"},{\"@type\":\"Organization\",\"@id\":\"https:\/\/vallferrer.com\/#organization\",\"name\":\"Vallferrer\",\"url\":\"https:\/\/vallferrer.com\/\",\"logo\":{\"@type\":\"ImageObject\",\"inLanguage\":\"es\",\"@id\":\"https:\/\/vallferrer.com\/#\/schema\/logo\/image\/\",\"url\":\"https:\/\/vallferrer.com\/wp-content\/uploads\/2023\/07\/logo_H_color.png\",\"contentUrl\":\"https:\/\/vallferrer.com\/wp-content\/uploads\/2023\/07\/logo_H_color.png\",\"width\":5744,\"height\":1739,\"caption\":\"Vallferrer\"},\"image\":{\"@id\":\"https:\/\/vallferrer.com\/#\/schema\/logo\/image\/\"}}]}<\/script>\n<!-- \/ Yoast SEO Premium plugin. -->","yoast_head_json":{"title":"Pol\u00edtica de cookies Vallferrer - Vallferrer","description":"\u00bfQu\u00e9 son las cookies? Descubra los derechos de privacidad que otorga la Pol\u00edtica de Coockies de Vallferrer.","robots":{"index":"index","follow":"follow","max-snippet":"max-snippet:-1","max-image-preview":"max-image-preview:large","max-video-preview":"max-video-preview:-1"},"canonical":"https:\/\/vallferrer.com\/es\/politica-de-coockies-vallferrer\/","og_locale":"es_ES","og_type":"article","og_title":"Pol\u00edtica de cookies Vallferrer","og_description":"\u00bfQu\u00e9 son las cookies? Descubra los derechos de privacidad que otorga la Pol\u00edtica de Coockies de Vallferrer.","og_url":"https:\/\/vallferrer.com\/es\/politica-de-coockies-vallferrer\/","og_site_name":"Vallferrer","article_modified_time":"2024-01-25T13:30:47+00:00","twitter_card":"summary_large_image","twitter_misc":{"Tiempo de lectura":"3 minutos"},"schema":{"@context":"https:\/\/schema.org","@graph":[{"@type":"WebPage","@id":"https:\/\/vallferrer.com\/es\/politica-de-coockies-vallferrer\/","url":"https:\/\/vallferrer.com\/es\/politica-de-coockies-vallferrer\/","name":"Pol\u00edtica de cookies Vallferrer - Vallferrer","isPartOf":{"@id":"https:\/\/vallferrer.com\/#website"},"datePublished":"2023-09-25T10:48:08+00:00","dateModified":"2024-01-25T13:30:47+00:00","description":"\u00bfQu\u00e9 son las cookies? Descubra los derechos de privacidad que otorga la Pol\u00edtica de Coockies de Vallferrer.","breadcrumb":{"@id":"https:\/\/vallferrer.com\/es\/politica-de-coockies-vallferrer\/#breadcrumb"},"inLanguage":"es","potentialAction":[{"@type":"ReadAction","target":["https:\/\/vallferrer.com\/es\/politica-de-coockies-vallferrer\/"]}]},{"@type":"BreadcrumbList","@id":"https:\/\/vallferrer.com\/es\/politica-de-coockies-vallferrer\/#breadcrumb","itemListElement":[{"@type":"ListItem","position":1,"name":"Inici","item":"https:\/\/vallferrer.com\/es\/"},{"@type":"ListItem","position":2,"name":"Pol\u00edtica de cookies Vallferrer"}]},{"@type":"WebSite","@id":"https:\/\/vallferrer.com\/#website","url":"https:\/\/vallferrer.com\/","name":"Vallferrer","description":"Construccions","publisher":{"@id":"https:\/\/vallferrer.com\/#organization"},"potentialAction":[{"@type":"SearchAction","target":{"@type":"EntryPoint","urlTemplate":"https:\/\/vallferrer.com\/?s={search_term_string}"},"query-input":"required name=search_term_string"}],"inLanguage":"es"},{"@type":"Organization","@id":"https:\/\/vallferrer.com\/#organization","name":"Vallferrer","url":"https:\/\/vallferrer.com\/","logo":{"@type":"ImageObject","inLanguage":"es","@id":"https:\/\/vallferrer.com\/#\/schema\/logo\/image\/","url":"https:\/\/vallferrer.com\/wp-content\/uploads\/2023\/07\/logo_H_color.png","contentUrl":"https:\/\/vallferrer.com\/wp-content\/uploads\/2023\/07\/logo_H_color.png","width":5744,"height":1739,"caption":"Vallferrer"},"image":{"@id":"https:\/\/vallferrer.com\/#\/schema\/logo\/image\/"}}]}},"_links":{"self":[{"href":"https:\/\/vallferrer.com\/es\/wp-json\/wp\/v2\/pages\/1618","targetHints":{"allow":["GET"]}}],"collection":[{"href":"https:\/\/vallferrer.com\/es\/wp-json\/wp\/v2\/pages"}],"about":[{"href":"https:\/\/vallferrer.com\/es\/wp-json\/wp\/v2\/types\/page"}],"author":[{"embeddable":true,"href":"https:\/\/vallferrer.com\/es\/wp-json\/wp\/v2\/users\/1"}],"replies":[{"embeddable":true,"href":"https:\/\/vallferrer.com\/es\/wp-json\/wp\/v2\/comments?post=1618"}],"version-history":[{"count":2,"href":"https:\/\/vallferrer.com\/es\/wp-json\/wp\/v2\/pages\/1618\/revisions"}],"predecessor-version":[{"id":1898,"href":"https:\/\/vallferrer.com\/es\/wp-json\/wp\/v2\/pages\/1618\/revisions\/1898"}],"wp:attachment":[{"href":"https:\/\/vallferrer.com\/es\/wp-json\/wp\/v2\/media?parent=1618"}],"curies":[{"name":"wp","href":"https:\/\/api.w.org\/{rel}","templated":true}]}}