{"id":835,"date":"2023-07-06T13:54:56","date_gmt":"2023-07-06T11:54:56","guid":{"rendered":"http:\/\/vallferrer.com\/contacte\/"},"modified":"2024-01-25T15:29:37","modified_gmt":"2024-01-25T13:29:37","slug":"contacta-con-vallferrer","status":"publish","type":"page","link":"https:\/\/vallferrer.com\/es\/contacta-con-vallferrer\/","title":{"rendered":"Contacto"},"content":{"rendered":"\t\t<div data-elementor-type=\"wp-page\" data-elementor-id=\"835\" class=\"elementor elementor-835 elementor-223\">\n\t\t\t\t\t\t<section class=\"elementor-section elementor-top-section elementor-element elementor-element-2b7c37e1 elementor-section-height-min-height elementor-section-boxed elementor-section-height-default elementor-section-items-middle\" data-id=\"2b7c37e1\" data-element_type=\"section\" data-settings=\"{&quot;background_background&quot;:&quot;classic&quot;}\">\n\t\t\t\t\t\t\t<div class=\"elementor-background-overlay\"><\/div>\n\t\t\t\t\t\t\t<div class=\"elementor-container elementor-column-gap-default\">\n\t\t\t\t\t<div class=\"elementor-column elementor-col-100 elementor-top-column elementor-element elementor-element-1ac748eb\" data-id=\"1ac748eb\" data-element_type=\"column\">\n\t\t\t<div class=\"elementor-widget-wrap elementor-element-populated\">\n\t\t\t\t\t\t<div class=\"elementor-element elementor-element-404d6127 elementor-widget elementor-widget-heading\" data-id=\"404d6127\" data-element_type=\"widget\" data-widget_type=\"heading.default\">\n\t\t\t\t<div class=\"elementor-widget-container\">\n\t\t\t<style>\/*! elementor - v3.20.0 - 26-03-2024 *\/\n.elementor-heading-title{padding:0;margin:0;line-height:1}.elementor-widget-heading .elementor-heading-title[class*=elementor-size-]>a{color:inherit;font-size:inherit;line-height:inherit}.elementor-widget-heading .elementor-heading-title.elementor-size-small{font-size:15px}.elementor-widget-heading .elementor-heading-title.elementor-size-medium{font-size:19px}.elementor-widget-heading .elementor-heading-title.elementor-size-large{font-size:29px}.elementor-widget-heading .elementor-heading-title.elementor-size-xl{font-size:39px}.elementor-widget-heading .elementor-heading-title.elementor-size-xxl{font-size:59px}<\/style><h6 class=\"elementor-heading-title elementor-size-default\">Contacto VALLFERRER<\/h6>\t\t<\/div>\n\t\t\t\t<\/div>\n\t\t\t\t<div class=\"elementor-element elementor-element-388ab5a0 elementor-widget elementor-widget-heading\" data-id=\"388ab5a0\" data-element_type=\"widget\" data-widget_type=\"heading.default\">\n\t\t\t\t<div class=\"elementor-widget-container\">\n\t\t\t<h2 class=\"elementor-heading-title elementor-size-default\">\u00bfConstruimos?<\/h2>\t\t<\/div>\n\t\t\t\t<\/div>\n\t\t\t\t\t<\/div>\n\t\t<\/div>\n\t\t\t\t\t<\/div>\n\t\t<\/section>\n\t\t\t\t<section class=\"elementor-section elementor-top-section elementor-element elementor-element-45b9dfe0 elementor-section-boxed elementor-section-height-default elementor-section-height-default\" data-id=\"45b9dfe0\" data-element_type=\"section\" data-settings=\"{&quot;background_background&quot;:&quot;classic&quot;}\">\n\t\t\t\t\t\t<div class=\"elementor-container elementor-column-gap-default\">\n\t\t\t\t\t<div class=\"elementor-column elementor-col-50 elementor-top-column elementor-element elementor-element-311b03cf\" data-id=\"311b03cf\" data-element_type=\"column\">\n\t\t\t<div class=\"elementor-widget-wrap elementor-element-populated\">\n\t\t\t\t\t\t<div class=\"elementor-element elementor-element-17441296 elementor-widget elementor-widget-heading\" data-id=\"17441296\" data-element_type=\"widget\" data-widget_type=\"heading.default\">\n\t\t\t\t<div class=\"elementor-widget-container\">\n\t\t\t<h6 class=\"elementor-heading-title elementor-size-default\"><a href=\"http:\/\/vallferrer@vallferrer.com\">contacto Vallferrer<\/a><\/h6>\t\t<\/div>\n\t\t\t\t<\/div>\n\t\t\t\t<div class=\"elementor-element elementor-element-56ddc858 elementor-widget elementor-widget-heading\" data-id=\"56ddc858\" data-element_type=\"widget\" data-widget_type=\"heading.default\">\n\t\t\t\t<div class=\"elementor-widget-container\">\n\t\t\t<h3 class=\"elementor-heading-title elementor-size-default\">expl\u00edcanos tu proyecto\n<\/h3>\t\t<\/div>\n\t\t\t\t<\/div>\n\t\t\t\t<div class=\"elementor-element elementor-element-eb5d59e elementor-icon-list--layout-traditional elementor-list-item-link-full_width elementor-widget elementor-widget-icon-list\" data-id=\"eb5d59e\" data-element_type=\"widget\" data-widget_type=\"icon-list.default\">\n\t\t\t\t<div class=\"elementor-widget-container\">\n\t\t\t<link rel=\"stylesheet\" href=\"https:\/\/vallferrer.com\/wp-content\/plugins\/elementor\/assets\/css\/widget-icon-list.min.css\">\t\t<ul class=\"elementor-icon-list-items\">\n\t\t\t\t\t\t\t<li class=\"elementor-icon-list-item\">\n\t\t\t\t\t\t\t\t\t\t\t<span class=\"elementor-icon-list-icon\">\n\t\t\t\t\t\t\t<i aria-hidden=\"true\" class=\"icon icon-map-marker1\"><\/i>\t\t\t\t\t\t<\/span>\n\t\t\t\t\t\t\t\t\t\t<span class=\"elementor-icon-list-text\">Avenida Montserrat, 4. 08773. Sant Joan de Mediona. Barcelona<\/span>\n\t\t\t\t\t\t\t\t\t<\/li>\n\t\t\t\t\t\t\t\t<li class=\"elementor-icon-list-item\">\n\t\t\t\t\t\t\t\t\t\t\t<span class=\"elementor-icon-list-icon\">\n\t\t\t\t\t\t\t<i aria-hidden=\"true\" class=\"icon icon-phone-handset\"><\/i>\t\t\t\t\t\t<\/span>\n\t\t\t\t\t\t\t\t\t\t<span class=\"elementor-icon-list-text\">633 397 941<\/span>\n\t\t\t\t\t\t\t\t\t<\/li>\n\t\t\t\t\t\t<\/ul>\n\t\t\t\t<\/div>\n\t\t\t\t<\/div>\n\t\t\t\t\t<\/div>\n\t\t<\/div>\n\t\t\t\t<div class=\"elementor-column elementor-col-50 elementor-top-column elementor-element elementor-element-43df3a1b\" data-id=\"43df3a1b\" data-element_type=\"column\">\n\t\t\t<div class=\"elementor-widget-wrap elementor-element-populated\">\n\t\t\t\t\t\t<div class=\"elementor-element elementor-element-2218abe premium-cf7-button-fwidth-yes elementor-widget elementor-widget-premium-contact-form\" data-id=\"2218abe\" data-element_type=\"widget\" data-widget_type=\"premium-contact-form.default\">\n\t\t\t\t<div class=\"elementor-widget-container\">\n\t\t\t\r\n\t\t\t\r\n\t\t\t<div class=\"premium-cf7-container\">\r\n\t\t\t\t\n<div class=\"wpcf7 no-js\" id=\"wpcf7-f843-o1\" lang=\"ca\" dir=\"ltr\">\n<div class=\"screen-reader-response\"><p role=\"status\" aria-live=\"polite\" aria-atomic=\"true\"><\/p> <ul><\/ul><\/div>\n<form action=\"\/es\/wp-json\/wp\/v2\/pages\/835#wpcf7-f843-o1\" method=\"post\" class=\"wpcf7-form init wpcf7-acceptance-as-validation\" aria-label=\"Formulari de contacte\" novalidate=\"novalidate\" data-status=\"init\">\n<div style=\"display: none;\">\n<input type=\"hidden\" name=\"_wpcf7\" value=\"843\" \/>\n<input type=\"hidden\" name=\"_wpcf7_version\" value=\"5.9.3\" \/>\n<input type=\"hidden\" name=\"_wpcf7_locale\" value=\"ca\" \/>\n<input type=\"hidden\" name=\"_wpcf7_unit_tag\" value=\"wpcf7-f843-o1\" \/>\n<input type=\"hidden\" name=\"_wpcf7_container_post\" value=\"0\" \/>\n<input type=\"hidden\" name=\"_wpcf7_posted_data_hash\" value=\"\" \/>\n<\/div>\n<p><label><br \/>\n<span class=\"wpcf7-form-control-wrap\" data-name=\"your-name\"><input size=\"40\" class=\"wpcf7-form-control wpcf7-text wpcf7-validates-as-required\" aria-required=\"true\" aria-invalid=\"false\" placeholder=\"Nombre\" value=\"\" type=\"text\" name=\"your-name\" \/><\/span> <\/label>\n<\/p>\n<p><label><br \/>\n<span class=\"wpcf7-form-control-wrap\" data-name=\"your-email\"><input size=\"40\" class=\"wpcf7-form-control wpcf7-email wpcf7-validates-as-required wpcf7-text wpcf7-validates-as-email\" aria-required=\"true\" aria-invalid=\"false\" placeholder=\"Correo electr\u00f3nico\" value=\"\" type=\"email\" name=\"your-email\" \/><\/span> <\/label>\n<\/p>\n<p><label><br \/>\n<span class=\"wpcf7-form-control-wrap\" data-name=\"your-subject\"><input size=\"40\" class=\"wpcf7-form-control wpcf7-text wpcf7-validates-as-required\" aria-required=\"true\" aria-invalid=\"false\" placeholder=\"Asunto\" value=\"\" type=\"text\" name=\"your-subject\" \/><\/span> <\/label>\n<\/p>\n<p><label><br \/>\n<span class=\"wpcf7-form-control-wrap\" data-name=\"your-message\"><textarea cols=\"40\" rows=\"10\" class=\"wpcf7-form-control wpcf7-textarea\" id=\"msgcontact\" aria-invalid=\"false\" placeholder=\"Mensaje\" name=\"your-message\"><\/textarea><\/span> <\/label>\n<\/p>\n<p><label><br \/>\n<span class=\"wpcf7-form-control-wrap\" data-name=\"acceptance-718\"><span class=\"wpcf7-form-control wpcf7-acceptance\"><span class=\"wpcf7-list-item\"><input type=\"checkbox\" name=\"acceptance-718\" value=\"1\" aria-invalid=\"false\" \/><\/span><\/span><\/span> ACEPTO la <a href=\"\" target=\"_blank\">pol\u00edtica de privacidad<\/a><\/label>En conformidad con el Reglamento Europeo de Privacidad 679\/2016 lo informamos que los datos pasar\u00e1n a formar parte de un fichero responsabilidad de VALLFERRER S.C.C.L. con el fin de gestionar su consulta y\/o relaci\u00f3n. Sus datos ser\u00e1n conservados mientras se gestiona la relaci\u00f3n. El usuario tiene el derecho de acceso, limitaci\u00f3n, portabilidad, reclamaci\u00f3n a la Autoridad Espa\u00f1ola de Protecci\u00f3n de Datos, supresi\u00f3n u olvido, rectificaci\u00f3n, cancelaci\u00f3n y oposici\u00f3n al tratamiento de datos mediante el e-mail vallferrer@vallferrer.com o en el domicilio social Avenida Montserrat, 4. 08773. Sant Joan de Mediona. Barcelona. Daremos respuesta a cualquier petici\u00f3n.\n<\/p>\n<p><input class=\"wpcf7-form-control wpcf7-submit has-spinner\" type=\"submit\" value=\"Envia\" \/>\n<\/p><div class=\"wpcf7-response-output\" aria-hidden=\"true\"><\/div>\n<\/form>\n<\/div>\n\t\t\t<\/div>\r\n\r\n\t\t\t\t\t<\/div>\n\t\t\t\t<\/div>\n\t\t\t\t\t<\/div>\n\t\t<\/div>\n\t\t\t\t\t<\/div>\n\t\t<\/section>\n\t\t\t\t<section class=\"elementor-section elementor-top-section elementor-element elementor-element-44bda0ec elementor-section-full_width elementor-section-height-default elementor-section-height-default\" data-id=\"44bda0ec\" data-element_type=\"section\">\n\t\t\t\t\t\t<div class=\"elementor-container elementor-column-gap-no\">\n\t\t\t\t\t<div class=\"elementor-column elementor-col-100 elementor-top-column elementor-element elementor-element-4307e92a\" data-id=\"4307e92a\" data-element_type=\"column\">\n\t\t\t<div class=\"elementor-widget-wrap elementor-element-populated\">\n\t\t\t\t\t\t<div class=\"elementor-element elementor-element-2c64c92c elementor-widget elementor-widget-google_maps\" data-id=\"2c64c92c\" data-element_type=\"widget\" data-widget_type=\"google_maps.default\">\n\t\t\t\t<div class=\"elementor-widget-container\">\n\t\t\t<style>\/*! elementor - v3.20.0 - 26-03-2024 *\/\n.elementor-widget-google_maps .elementor-widget-container{overflow:hidden}.elementor-widget-google_maps .elementor-custom-embed{line-height:0}.elementor-widget-google_maps iframe{height:300px}<\/style>\t\t<div class=\"elementor-custom-embed\">\n\t\t\t<iframe loading=\"lazy\"\n\t\t\t\t\tsrc=\"https:\/\/maps.google.com\/maps?q=Avenida%20Montserrat%2C%204.%2008773.%20Sant%20Joan%20de%20Mediona.%20Barcelona&#038;t=m&#038;z=12&#038;output=embed&#038;iwloc=near\"\n\t\t\t\t\ttitle=\"Avenida Montserrat, 4. 08773. Sant Joan de Mediona. Barcelona\"\n\t\t\t\t\taria-label=\"Avenida Montserrat, 4. 08773. Sant Joan de Mediona. Barcelona\"\n\t\t\t><\/iframe>\n\t\t<\/div>\n\t\t\t\t<\/div>\n\t\t\t\t<\/div>\n\t\t\t\t\t<\/div>\n\t\t<\/div>\n\t\t\t\t\t<\/div>\n\t\t<\/section>\n\t\t\t\t<\/div>\n\t\t","protected":false},"excerpt":{"rendered":"<p>Contacto VALLFERRER \u00bfConstruimos? contacto Vallferrer expl\u00edcanos tu proyecto Avenida Montserrat, 4. 08773. Sant Joan de Mediona. Barcelona 633 397 941 ACEPTO la pol\u00edtica de privacidadEn conformidad con el Reglamento Europeo de Privacidad 679\/2016 lo informamos que los datos pasar\u00e1n a formar parte de un fichero responsabilidad de VALLFERRER S.C.C.L. con el fin de gestionar su [&hellip;]<\/p>\n","protected":false},"author":1,"featured_media":0,"parent":0,"menu_order":0,"comment_status":"closed","ping_status":"closed","template":"","meta":{"footnotes":""},"class_list":["post-835","page","type-page","status-publish","hentry"],"yoast_head":"<!-- This site is optimized with the Yoast SEO Premium plugin v22.4 (Yoast SEO v22.4) - https:\/\/yoast.com\/wordpress\/plugins\/seo\/ -->\n<title>Contacto Vallferrer<\/title>\n<meta name=\"description\" content=\"Puedes contactar con Vallferrer a trav\u00e9s del siguiente formulario. Intentaremos darte respuesta lo antes posible.\" \/>\n<meta name=\"robots\" content=\"index, follow, max-snippet:-1, max-image-preview:large, max-video-preview:-1\" \/>\n<link rel=\"canonical\" href=\"https:\/\/vallferrer.com\/es\/contacta-con-vallferrer\/\" \/>\n<meta property=\"og:locale\" content=\"es_ES\" \/>\n<meta property=\"og:type\" content=\"article\" \/>\n<meta property=\"og:title\" content=\"Contacto\" \/>\n<meta property=\"og:description\" content=\"Puedes contactar con Vallferrer a trav\u00e9s del siguiente formulario. Intentaremos darte respuesta lo antes posible.\" \/>\n<meta property=\"og:url\" content=\"https:\/\/vallferrer.com\/es\/contacta-con-vallferrer\/\" \/>\n<meta property=\"og:site_name\" content=\"Vallferrer\" \/>\n<meta property=\"article:modified_time\" content=\"2024-01-25T13:29:37+00:00\" \/>\n<meta name=\"twitter:card\" content=\"summary_large_image\" \/>\n<meta name=\"twitter:label1\" content=\"Tiempo de lectura\" \/>\n\t<meta name=\"twitter:data1\" content=\"1 minuto\" \/>\n<script type=\"application\/ld+json\" class=\"yoast-schema-graph\">{\"@context\":\"https:\/\/schema.org\",\"@graph\":[{\"@type\":\"WebPage\",\"@id\":\"https:\/\/vallferrer.com\/es\/contacta-con-vallferrer\/\",\"url\":\"https:\/\/vallferrer.com\/es\/contacta-con-vallferrer\/\",\"name\":\"Contacto Vallferrer\",\"isPartOf\":{\"@id\":\"https:\/\/vallferrer.com\/#website\"},\"datePublished\":\"2023-07-06T11:54:56+00:00\",\"dateModified\":\"2024-01-25T13:29:37+00:00\",\"description\":\"Puedes contactar con Vallferrer a trav\u00e9s del siguiente formulario. Intentaremos darte respuesta lo antes posible.\",\"breadcrumb\":{\"@id\":\"https:\/\/vallferrer.com\/es\/contacta-con-vallferrer\/#breadcrumb\"},\"inLanguage\":\"es\",\"potentialAction\":[{\"@type\":\"ReadAction\",\"target\":[\"https:\/\/vallferrer.com\/es\/contacta-con-vallferrer\/\"]}]},{\"@type\":\"BreadcrumbList\",\"@id\":\"https:\/\/vallferrer.com\/es\/contacta-con-vallferrer\/#breadcrumb\",\"itemListElement\":[{\"@type\":\"ListItem\",\"position\":1,\"name\":\"Inici\",\"item\":\"https:\/\/vallferrer.com\/es\/\"},{\"@type\":\"ListItem\",\"position\":2,\"name\":\"Contacto\"}]},{\"@type\":\"WebSite\",\"@id\":\"https:\/\/vallferrer.com\/#website\",\"url\":\"https:\/\/vallferrer.com\/\",\"name\":\"Vallferrer\",\"description\":\"Construccions\",\"publisher\":{\"@id\":\"https:\/\/vallferrer.com\/#organization\"},\"potentialAction\":[{\"@type\":\"SearchAction\",\"target\":{\"@type\":\"EntryPoint\",\"urlTemplate\":\"https:\/\/vallferrer.com\/?s={search_term_string}\"},\"query-input\":\"required name=search_term_string\"}],\"inLanguage\":\"es\"},{\"@type\":\"Organization\",\"@id\":\"https:\/\/vallferrer.com\/#organization\",\"name\":\"Vallferrer\",\"url\":\"https:\/\/vallferrer.com\/\",\"logo\":{\"@type\":\"ImageObject\",\"inLanguage\":\"es\",\"@id\":\"https:\/\/vallferrer.com\/#\/schema\/logo\/image\/\",\"url\":\"https:\/\/vallferrer.com\/wp-content\/uploads\/2023\/07\/logo_H_color.png\",\"contentUrl\":\"https:\/\/vallferrer.com\/wp-content\/uploads\/2023\/07\/logo_H_color.png\",\"width\":5744,\"height\":1739,\"caption\":\"Vallferrer\"},\"image\":{\"@id\":\"https:\/\/vallferrer.com\/#\/schema\/logo\/image\/\"}}]}<\/script>\n<!-- \/ Yoast SEO Premium plugin. -->","yoast_head_json":{"title":"Contacto Vallferrer","description":"Puedes contactar con Vallferrer a trav\u00e9s del siguiente formulario. Intentaremos darte respuesta lo antes posible.","robots":{"index":"index","follow":"follow","max-snippet":"max-snippet:-1","max-image-preview":"max-image-preview:large","max-video-preview":"max-video-preview:-1"},"canonical":"https:\/\/vallferrer.com\/es\/contacta-con-vallferrer\/","og_locale":"es_ES","og_type":"article","og_title":"Contacto","og_description":"Puedes contactar con Vallferrer a trav\u00e9s del siguiente formulario. Intentaremos darte respuesta lo antes posible.","og_url":"https:\/\/vallferrer.com\/es\/contacta-con-vallferrer\/","og_site_name":"Vallferrer","article_modified_time":"2024-01-25T13:29:37+00:00","twitter_card":"summary_large_image","twitter_misc":{"Tiempo de lectura":"1 minuto"},"schema":{"@context":"https:\/\/schema.org","@graph":[{"@type":"WebPage","@id":"https:\/\/vallferrer.com\/es\/contacta-con-vallferrer\/","url":"https:\/\/vallferrer.com\/es\/contacta-con-vallferrer\/","name":"Contacto Vallferrer","isPartOf":{"@id":"https:\/\/vallferrer.com\/#website"},"datePublished":"2023-07-06T11:54:56+00:00","dateModified":"2024-01-25T13:29:37+00:00","description":"Puedes contactar con Vallferrer a trav\u00e9s del siguiente formulario. Intentaremos darte respuesta lo antes posible.","breadcrumb":{"@id":"https:\/\/vallferrer.com\/es\/contacta-con-vallferrer\/#breadcrumb"},"inLanguage":"es","potentialAction":[{"@type":"ReadAction","target":["https:\/\/vallferrer.com\/es\/contacta-con-vallferrer\/"]}]},{"@type":"BreadcrumbList","@id":"https:\/\/vallferrer.com\/es\/contacta-con-vallferrer\/#breadcrumb","itemListElement":[{"@type":"ListItem","position":1,"name":"Inici","item":"https:\/\/vallferrer.com\/es\/"},{"@type":"ListItem","position":2,"name":"Contacto"}]},{"@type":"WebSite","@id":"https:\/\/vallferrer.com\/#website","url":"https:\/\/vallferrer.com\/","name":"Vallferrer","description":"Construccions","publisher":{"@id":"https:\/\/vallferrer.com\/#organization"},"potentialAction":[{"@type":"SearchAction","target":{"@type":"EntryPoint","urlTemplate":"https:\/\/vallferrer.com\/?s={search_term_string}"},"query-input":"required name=search_term_string"}],"inLanguage":"es"},{"@type":"Organization","@id":"https:\/\/vallferrer.com\/#organization","name":"Vallferrer","url":"https:\/\/vallferrer.com\/","logo":{"@type":"ImageObject","inLanguage":"es","@id":"https:\/\/vallferrer.com\/#\/schema\/logo\/image\/","url":"https:\/\/vallferrer.com\/wp-content\/uploads\/2023\/07\/logo_H_color.png","contentUrl":"https:\/\/vallferrer.com\/wp-content\/uploads\/2023\/07\/logo_H_color.png","width":5744,"height":1739,"caption":"Vallferrer"},"image":{"@id":"https:\/\/vallferrer.com\/#\/schema\/logo\/image\/"}}]}},"_links":{"self":[{"href":"https:\/\/vallferrer.com\/es\/wp-json\/wp\/v2\/pages\/835","targetHints":{"allow":["GET"]}}],"collection":[{"href":"https:\/\/vallferrer.com\/es\/wp-json\/wp\/v2\/pages"}],"about":[{"href":"https:\/\/vallferrer.com\/es\/wp-json\/wp\/v2\/types\/page"}],"author":[{"embeddable":true,"href":"https:\/\/vallferrer.com\/es\/wp-json\/wp\/v2\/users\/1"}],"replies":[{"embeddable":true,"href":"https:\/\/vallferrer.com\/es\/wp-json\/wp\/v2\/comments?post=835"}],"version-history":[{"count":33,"href":"https:\/\/vallferrer.com\/es\/wp-json\/wp\/v2\/pages\/835\/revisions"}],"predecessor-version":[{"id":1897,"href":"https:\/\/vallferrer.com\/es\/wp-json\/wp\/v2\/pages\/835\/revisions\/1897"}],"wp:attachment":[{"href":"https:\/\/vallferrer.com\/es\/wp-json\/wp\/v2\/media?parent=835"}],"curies":[{"name":"wp","href":"https:\/\/api.w.org\/{rel}","templated":true}]}}